{"id":374,"date":"2023-06-22T11:43:17","date_gmt":"2023-06-22T17:43:17","guid":{"rendered":"https:\/\/www.meritradeimport.com\/?page_id=374"},"modified":"2025-04-21T16:03:33","modified_gmt":"2025-04-21T22:03:33","slug":"__trashed","status":"publish","type":"page","link":"https:\/\/www.meritradeimport.com\/en\/","title":{"rendered":"Home"},"content":{"rendered":"<p>[et_pb_section fb_built=&#8221;1&#8243; _builder_version=&#8221;4.21.0&#8243; _module_preset=&#8221;bd4eaf53-89b3-423b-ab8d-5989398e0b9e&#8221; background_image=&#8221;https:\/\/www.meritradeimport.com\/wp-content\/uploads\/2024\/03\/Diseno-sin-titulo-2.png&#8221; background_size=&#8221;initial&#8221; background_repeat=&#8221;repeat-x&#8221; width=&#8221;100%&#8221; max_width=&#8221;100%&#8221; min_height=&#8221;571px&#8221; da_disable_devices=&#8221;off|off|off&#8221; global_colors_info=&#8221;{}&#8221; da_is_popup=&#8221;off&#8221; da_exit_intent=&#8221;off&#8221; da_has_close=&#8221;on&#8221; da_alt_close=&#8221;off&#8221; da_dark_close=&#8221;off&#8221; da_not_modal=&#8221;on&#8221; da_is_singular=&#8221;off&#8221; da_with_loader=&#8221;off&#8221; da_has_shadow=&#8221;on&#8221;][et_pb_row _builder_version=&#8221;4.18.0&#8243; _module_preset=&#8221;default&#8221; custom_margin=&#8221;|auto||56px||&#8221; custom_padding=&#8221;|0px||||&#8221; global_colors_info=&#8221;{}&#8221;][et_pb_column type=&#8221;4_4&#8243; _builder_version=&#8221;4.18.0&#8243; _module_preset=&#8221;default&#8221; global_colors_info=&#8221;{}&#8221;][et_pb_text _builder_version=&#8221;4.21.0&#8243; _module_preset=&#8221;default&#8221; text_font_size=&#8221;45px&#8221; text_letter_spacing=&#8221;4px&#8221; text_line_height=&#8221;2.5em&#8221; width=&#8221;100%&#8221; min_height=&#8221;27px&#8221; custom_margin=&#8221;123px||-26px|||&#8221; custom_padding=&#8221;||8px|||&#8221; inline_fonts=&#8221;Poppins&#8221; global_colors_info=&#8221;{}&#8221;]<\/p>\n<h1 style=\"text-align: left;\" class=\"translation-block\"><span style=\"font-family: Poppins;font-weight: normal;font-size: xx-large\"><span style=\"color: #ffffff\">Mexico <strong>import<\/strong><\/span><\/span><strong><span style=\"font-family: Poppins;font-size: xx-large\"><span style=\"color: #ffffff\"> expert<\/span><\/span><\/strong><\/h1>\n<p>[\/et_pb_text][\/et_pb_column][\/et_pb_row][et_pb_row _builder_version=&#8221;4.21.0&#8243; _module_preset=&#8221;default&#8221; min_height=&#8221;65.5px&#8221; custom_margin=&#8221;|auto||52px||&#8221; custom_padding=&#8221;0px|||||&#8221; global_colors_info=&#8221;{}&#8221;][et_pb_column type=&#8221;4_4&#8243; _builder_version=&#8221;4.21.0&#8243; _module_preset=&#8221;default&#8221; global_colors_info=&#8221;{}&#8221;][et_pb_text _builder_version=&#8221;4.21.0&#8243; _module_preset=&#8221;default&#8221; header_2_font=&#8221;Albert Sans||||||||&#8221; header_3_text_align=&#8221;center&#8221; header_3_text_color=&#8221;#FFFFFF&#8221; custom_padding=&#8221;||1px|||&#8221; global_colors_info=&#8221;{}&#8221;]<\/p>\n<p style=\"text-align: justify;\" class=\"translation-block\"><span style=\"font-size: large;color: #ffffff\">We\u2019re a  100% Mexican <strong>trading company<\/strong>, with expertise<\/span><span style=\"font-size: large;color: #ffffff\">\u00a0<strong>importing goods<\/strong><\/span><\/p>\n<p style=\"text-align: justify;\"><span style=\"font-size: large;\"><span style=\"color: #ffffff;\">over the world <\/span><span style=\"color: #ffffff;\">through any customs <strong>office<\/strong> nationwide.<\/span><\/span><\/p>\n<p>[\/et_pb_text][\/et_pb_column][\/et_pb_row][\/et_pb_section][et_pb_section fb_built=&#8221;1&#8243; _builder_version=&#8221;4.18.0&#8243; _module_preset=&#8221;default&#8221; custom_padding=&#8221;3px|||||&#8221; da_disable_devices=&#8221;off|off|off&#8221; global_colors_info=&#8221;{}&#8221; da_is_popup=&#8221;off&#8221; da_exit_intent=&#8221;off&#8221; da_has_close=&#8221;on&#8221; da_alt_close=&#8221;off&#8221; da_dark_close=&#8221;off&#8221; da_not_modal=&#8221;on&#8221; da_is_singular=&#8221;off&#8221; da_with_loader=&#8221;off&#8221; da_has_shadow=&#8221;on&#8221;][et_pb_row column_structure=&#8221;1_2,1_2&#8243; _builder_version=&#8221;4.18.0&#8243; _module_preset=&#8221;default&#8221; custom_padding=&#8221;111px||68px|||&#8221; global_colors_info=&#8221;{}&#8221;][et_pb_column type=&#8221;1_2&#8243; _builder_version=&#8221;4.18.0&#8243; _module_preset=&#8221;default&#8221; global_colors_info=&#8221;{}&#8221;][et_pb_image src=&#8221;https:\/\/www.meritradeimport.com\/wp-content\/uploads\/2022\/09\/integracion-de-soluciones-mt.png&#8221; title_text=&#8221;integracion-de-soluciones-mt&#8221; _builder_version=&#8221;4.21.0&#8243; _module_preset=&#8221;default&#8221; custom_margin=&#8221;||-2px|||&#8221; custom_padding=&#8221;21px||45px|||&#8221; global_colors_info=&#8221;{}&#8221;][\/et_pb_image][\/et_pb_column][et_pb_column type=&#8221;1_2&#8243; _builder_version=&#8221;4.18.0&#8243; _module_preset=&#8221;default&#8221; background_color=&#8221;RGBA(255,255,255,0)&#8221; global_colors_info=&#8221;{}&#8221;][et_pb_text _builder_version=&#8221;4.18.0&#8243; _module_preset=&#8221;default&#8221; min_height=&#8221;38.2px&#8221; custom_margin=&#8221;1px||4px|||&#8221; custom_padding=&#8221;20px||4px|||&#8221; global_colors_info=&#8221;{}&#8221;]<\/p>\n<p><span style=\"font-size: x-large;\"><strong><span style=\"color: #002169;\">SOLUTIONS THAT FIT <\/span><\/strong><span style=\"color: #00bed5;\">YOUR IMPORT NEEDS<\/span><\/span><\/p>\n<p>[\/et_pb_text][et_pb_text _builder_version=&#8221;4.21.0&#8243; _module_preset=&#8221;default&#8221; custom_padding=&#8221;8px||34px|||&#8221; global_colors_info=&#8221;{}&#8221;]<\/p>\n<h3 style=\"text-align: justify;\"><span style=\"font-size: large; color: #6b6b6b;\"><strong>Import your international purchases<\/strong> through an <strong>Meritrade trading company<\/strong>\u2014either with\nyour approved supplier or by selecting one from our trusted network.<\/span><\/h3>\n<h3 style=\"text-align: justify;\"><span style=\"color: #6b6b6b; font-size: large;\">We deliver reliable, efficient solutions for <strong>both individuals and companies,<\/strong>offering end-to-end <strong>logistics support,<\/strong> legal compliance, transparent pricing, and personalized attention every step of the way.<\/span><\/h3>\n<p>[\/et_pb_text][et_pb_button button_url=&#8221;@ET-DC@eyJkeW5hbWljIjp0cnVlLCJjb250ZW50IjoicG9zdF9saW5rX3VybF9wYWdlIiwic2V0dGluZ3MiOnsicG9zdF9pZCI6Ijc0In19@&#8221; button_text=&#8221;\u00a1CONT\u00c1CTANOS!&#8221; _builder_version=&#8221;4.18.0&#8243; _dynamic_attributes=&#8221;button_url&#8221; _module_preset=&#8221;default&#8221; custom_button=&#8221;on&#8221; button_text_size=&#8221;17px&#8221; button_text_color=&#8221;#FFFFFF&#8221; button_bg_color=&#8221;#00bed5&#8243; button_border_radius=&#8221;9px&#8221; button_font=&#8221;|700|||||||&#8221; background_layout=&#8221;dark&#8221; locked=&#8221;off&#8221; global_colors_info=&#8221;{}&#8221;][\/et_pb_button][\/et_pb_column][\/et_pb_row][et_pb_row column_structure=&#8221;1_2,1_2&#8243; _builder_version=&#8221;4.18.0&#8243; _module_preset=&#8221;default&#8221; custom_padding=&#8221;35px|||||&#8221; global_colors_info=&#8221;{}&#8221;][et_pb_column type=&#8221;1_2&#8243; _builder_version=&#8221;4.18.0&#8243; _module_preset=&#8221;default&#8221; global_colors_info=&#8221;{}&#8221;][et_pb_text _builder_version=&#8221;4.18.0&#8243; _module_preset=&#8221;default&#8221; custom_margin=&#8221;||2px|||&#8221; custom_padding=&#8221;||9px|||&#8221; global_colors_info=&#8221;{}&#8221;]<\/p>\n<h2 class=\"translation-block\"><strong><span style=\"color: #00bed5\">NO IMPORTER REGISTRY? <\/span><\/strong><span style=\"color: #002169\">NO PROBLEM.<\/span><\/h2>\n<p>[\/et_pb_text][et_pb_text _builder_version=&#8221;4.21.0&#8243; _module_preset=&#8221;default&#8221; custom_padding=&#8221;||4px|||&#8221; global_colors_info=&#8221;{}&#8221;]<\/p>\n<h3 style=\"text-align: justify;\"><span style=\"color: #545454; font-size: medium;\">We are registered in the <strong>General Importers Registry and also hold specific sector registries,<\/strong> including Steel, Textile, Footwear, and Alcoholic Beverages. Additionally, we benefit from the Border Region tax incentives.  We're also authorized to comply with <strong>Official Mexican Standards (NOMs)<\/strong> through an <strong>Authorized Verification Unit<\/strong> (UVA).<\/span><\/h3>\n<h3 style=\"text-align: justify;\"><span style=\"color: #545454; font-size: medium;\">If your goods are stuck at <strong>Mexican customs due to missing documentation,<\/strong> we can help you recover them.<\/span><\/h3>\n<h3 style=\"text-align: justify;\"><span style=\"color: #545454; font-size: medium;\">Meritrade offers everything you need through a <strong>single point of contact\u2014<\/strong>from supplier pickup at origin, international shipping, regulatory support, and customs clearance, <strong>to warehousing and last-mile delivery.<\/strong><\/span><\/h3>\n<h3 style=\"text-align: justify;\"><span style=\"color: #545454; font-size: medium;\">With\u00a0<strong>MERITRADE<\/strong>, anyone can shop and import into Mexico\u2014no matter where in the world they are.<\/span><\/h3>\n<p>[\/et_pb_text][et_pb_button button_url=&#8221;http:\/\/www.meritradeimport.com\/contactanos\/&#8221; button_text=&#8221;\u00a1CONT\u00c1CTANOS!&#8221; _builder_version=&#8221;4.18.0&#8243; _module_preset=&#8221;default&#8221; custom_button=&#8221;on&#8221; button_text_size=&#8221;17px&#8221; button_text_color=&#8221;#FFFFFF&#8221; button_bg_color=&#8221;#00bed5&#8243; button_border_radius=&#8221;9px&#8221; button_font=&#8221;|700|||||||&#8221; background_layout=&#8221;dark&#8221; global_colors_info=&#8221;{}&#8221;][\/et_pb_button][\/et_pb_column][et_pb_column type=&#8221;1_2&#8243; _builder_version=&#8221;4.18.0&#8243; _module_preset=&#8221;default&#8221; global_colors_info=&#8221;{}&#8221;][et_pb_image src=&#8221;https:\/\/www.meritradeimport.com\/wp-content\/uploads\/2022\/09\/meritrade-img01-2x.png&#8221; title_text=&#8221;meritrade-img01-2x&#8221; _builder_version=&#8221;4.18.0&#8243; _module_preset=&#8221;default&#8221; min_height=&#8221;129.9px&#8221; custom_margin=&#8221;1px|||||&#8221; custom_padding=&#8221;77px||100px|||&#8221; global_colors_info=&#8221;{}&#8221;][\/et_pb_image][\/et_pb_column][\/et_pb_row][et_pb_row column_structure=&#8221;1_2,1_2&#8243; _builder_version=&#8221;4.18.0&#8243; _module_preset=&#8221;default&#8221; custom_padding=&#8221;145px|||||&#8221; global_colors_info=&#8221;{}&#8221;][et_pb_column type=&#8221;1_2&#8243; _builder_version=&#8221;4.18.0&#8243; _module_preset=&#8221;default&#8221; global_colors_info=&#8221;{}&#8221;][et_pb_text _builder_version=&#8221;4.18.0&#8243; _module_preset=&#8221;default&#8221; locked=&#8221;off&#8221; global_colors_info=&#8221;{}&#8221;][\/et_pb_text][et_pb_text _builder_version=&#8221;4.18.0&#8243; _module_preset=&#8221;default&#8221; locked=&#8221;off&#8221; global_colors_info=&#8221;{}&#8221;][\/et_pb_text][et_pb_text _builder_version=&#8221;4.18.0&#8243; _module_preset=&#8221;default&#8221; custom_margin=&#8221;||61px|||&#8221; locked=&#8221;off&#8221; global_colors_info=&#8221;{}&#8221;][\/et_pb_text][et_pb_text _builder_version=&#8221;4.18.0&#8243; _module_preset=&#8221;default&#8221; custom_margin=&#8221;||76px|||&#8221; locked=&#8221;off&#8221; global_colors_info=&#8221;{}&#8221;][\/et_pb_text][et_pb_text _builder_version=&#8221;4.18.0&#8243; _module_preset=&#8221;default&#8221; header_line_height=&#8221;1.3em&#8221; min_height=&#8221;114px&#8221; custom_padding=&#8221;76px|||||&#8221; global_colors_info=&#8221;{}&#8221;]<\/p>\n<h1 style=\"text-align: justify;\" class=\"translation-block\"><span style=\"color: #002169\">WHY CHOOSE <\/span><span style=\"color: #002169\">\n<\/span><br><strong><span style=\"color: #00bed5\">MERITRADE<\/span><\/strong><span style=\"color: #002169\">?<\/span><\/h1>\n<p>[\/et_pb_text][et_pb_text _builder_version=&#8221;4.21.0&#8243; _module_preset=&#8221;default&#8221; global_colors_info=&#8221;{}&#8221;]<\/p>\n<p style=\"text-align: justify;\" class=\"translation-block\"><span>At <strong>MERITRADE<\/strong>, we\u2019re dedicated to offering reliable and efficient solutions for all your <\/span><strong>imports<\/strong><span>.  Learn how we can streamline your import processes and make them hassle-free<\/span><span>.<\/span><\/p>\n<p>[\/et_pb_text][et_pb_button button_url=&#8221;http:\/\/www.meritradeimport.com\/contactanos\/&#8221; button_text=&#8221;\u00a1CONT\u00c1CTANOS!&#8221; button_alignment=&#8221;left&#8221; _builder_version=&#8221;4.21.0&#8243; _module_preset=&#8221;default&#8221; custom_button=&#8221;on&#8221; button_text_size=&#8221;17px&#8221; button_text_color=&#8221;#FFFFFF&#8221; button_bg_color=&#8221;#00bed5&#8243; button_border_radius=&#8221;9px&#8221; button_font=&#8221;|700|||||||&#8221; background_layout=&#8221;dark&#8221; global_colors_info=&#8221;{}&#8221;][\/et_pb_button][\/et_pb_column][et_pb_column type=&#8221;1_2&#8243; _builder_version=&#8221;4.18.0&#8243; _module_preset=&#8221;default&#8221; global_colors_info=&#8221;{}&#8221;][et_pb_image src=&#8221;https:\/\/www.meritradeimport.com\/wp-content\/uploads\/2022\/09\/mt-hl-2.png&#8221; title_text=&#8221;mt-hl-2&#8243; _builder_version=&#8221;4.18.0&#8243; _module_preset=&#8221;default&#8221; global_colors_info=&#8221;{}&#8221;][\/et_pb_image][\/et_pb_column][\/et_pb_row][et_pb_row _builder_version=&#8221;4.18.0&#8243; _module_preset=&#8221;default&#8221; custom_padding=&#8221;143px|||||&#8221; global_colors_info=&#8221;{}&#8221;][et_pb_column type=&#8221;4_4&#8243; _builder_version=&#8221;4.18.0&#8243; _module_preset=&#8221;default&#8221; global_colors_info=&#8221;{}&#8221;][et_pb_image src=&#8221;https:\/\/www.meritradeimport.com\/wp-content\/uploads\/2025\/04\/mapa-meritrade-version-espanol-scaled.png&#8221; title_text=&#8221;mapa-meritrade-version-espanol&#8221; src_tablet=&#8221;https:\/\/www.meritradeimport.com\/wp-content\/uploads\/2025\/04\/mapa-meritrade-version-espanol-scaled.png&#8221; src_phone=&#8221;https:\/\/www.meritradeimport.com\/wp-content\/uploads\/2025\/04\/mapa-meritrade-version-espanol-scaled.png&#8221; src_last_edited=&#8221;on|phone&#8221; _builder_version=&#8221;4.21.0&#8243; _module_preset=&#8221;default&#8221; global_colors_info=&#8221;{}&#8221;][\/et_pb_image][\/et_pb_column][\/et_pb_row][\/et_pb_section][et_pb_section fb_built=&#8221;1&#8243; _builder_version=&#8221;4.21.0&#8243; _module_preset=&#8221;default&#8221; da_disable_devices=&#8221;off|off|off&#8221; global_colors_info=&#8221;{}&#8221; da_is_popup=&#8221;off&#8221; da_exit_intent=&#8221;off&#8221; da_has_close=&#8221;on&#8221; da_alt_close=&#8221;off&#8221; da_dark_close=&#8221;off&#8221; da_not_modal=&#8221;on&#8221; da_is_singular=&#8221;off&#8221; da_with_loader=&#8221;off&#8221; da_has_shadow=&#8221;on&#8221;][\/et_pb_section]<\/p>","protected":false},"excerpt":{"rendered":"<p>Expertos en importaciones a M\u00e9xico\u00a0Somos una comercializadora 100% mexicana, especializada en realizar\u00a0importaciones desde cualquier parte del mundo y a trav\u00e9s de cualquier aduana en M\u00e9xico.OFRECEMOS SOLUCIONESImporta tus compras en el extranjero a trav\u00e9s de Comercializadora Meritrade, ya sea que tengas tu proveedor de mercanc\u00eda autorizado o con alguno de los proveedores que ponemos a tu [&hellip;]<\/p>","protected":false},"author":3,"featured_media":0,"parent":0,"menu_order":0,"comment_status":"closed","ping_status":"closed","template":"","meta":{"_et_pb_use_builder":"on","_et_pb_old_content":"","_et_gb_content_width":"","footnotes":""},"class_list":["post-374","page","type-page","status-publish","hentry"],"_links":{"self":[{"href":"https:\/\/www.meritradeimport.com\/en\/wp-json\/wp\/v2\/pages\/374","targetHints":{"allow":["GET"]}}],"collection":[{"href":"https:\/\/www.meritradeimport.com\/en\/wp-json\/wp\/v2\/pages"}],"about":[{"href":"https:\/\/www.meritradeimport.com\/en\/wp-json\/wp\/v2\/types\/page"}],"author":[{"embeddable":true,"href":"https:\/\/www.meritradeimport.com\/en\/wp-json\/wp\/v2\/users\/3"}],"replies":[{"embeddable":true,"href":"https:\/\/www.meritradeimport.com\/en\/wp-json\/wp\/v2\/comments?post=374"}],"version-history":[{"count":25,"href":"https:\/\/www.meritradeimport.com\/en\/wp-json\/wp\/v2\/pages\/374\/revisions"}],"predecessor-version":[{"id":689,"href":"https:\/\/www.meritradeimport.com\/en\/wp-json\/wp\/v2\/pages\/374\/revisions\/689"}],"wp:attachment":[{"href":"https:\/\/www.meritradeimport.com\/en\/wp-json\/wp\/v2\/media?parent=374"}],"curies":[{"name":"wp","href":"https:\/\/api.w.org\/{rel}","templated":true}]}}